{"id":2086,"date":"2021-06-25T15:59:28","date_gmt":"2021-06-25T13:59:28","guid":{"rendered":"https:\/\/travelld.de\/?page_id=2086"},"modified":"2026-01-26T15:27:21","modified_gmt":"2026-01-26T14:27:21","slug":"impressum","status":"publish","type":"page","link":"https:\/\/travelld.de\/en\/impressum\/","title":{"rendered":"Imprint"},"content":{"rendered":"<div data-elementor-type=\"wp-page\" data-elementor-id=\"2086\" class=\"elementor elementor-2086\" data-elementor-post-type=\"page\">\n\t\t\t\t\t\t<section class=\"elementor-section elementor-top-section elementor-element elementor-element-410b36b elementor-section-boxed elementor-section-height-default elementor-section-height-default\" data-id=\"410b36b\" data-element_type=\"section\">\n\t\t\t\t\t\t<div class=\"elementor-container elementor-column-gap-default\">\n\t\t\t\t\t<div class=\"elementor-column elementor-col-100 elementor-top-column elementor-element elementor-element-6e83406\" data-id=\"6e83406\" data-element_type=\"column\">\n\t\t\t<div class=\"elementor-widget-wrap elementor-element-populated\">\n\t\t\t\t\t\t<div class=\"elementor-element elementor-element-351fa69 elementor-widget elementor-widget-heading\" data-id=\"351fa69\" data-element_type=\"widget\" data-widget_type=\"heading.default\">\n\t\t\t\t<div class=\"elementor-widget-container\">\n\t\t\t\t\t<h2 class=\"elementor-heading-title elementor-size-default\">Imprint<\/h2>\t\t\t\t<\/div>\n\t\t\t\t<\/div>\n\t\t\t\t<div class=\"elementor-element elementor-element-453802d elementor-widget elementor-widget-text-editor\" data-id=\"453802d\" data-element_type=\"widget\" data-widget_type=\"text-editor.default\">\n\t\t\t\t<div class=\"elementor-widget-container\">\n\t\t\t\t\t\t\t\t\t<p><strong>Angaben gem\u00e4\u00df \u00a7 5 Digitale-Dienste-Gesetz (DDG):<\/strong><\/p><p class=\"\" data-start=\"348\" data-end=\"417\">Denise Gebauer<br data-start=\"366\" data-end=\"369\" \/>Br\u00fcsseler Stra\u00dfe 22<br data-start=\"388\" data-end=\"391\" \/>13353 Berlin<br data-start=\"403\" data-end=\"406\" \/>Germany<\/p><p class=\"\" data-start=\"419\" data-end=\"475\">Telefon: +49 172 3261007<br data-start=\"443\" data-end=\"446\" \/>E-Mail: <a href=\"mailto:kontakt@travelld.de\">kontakt@travelld.de<\/a><\/p><p class=\"\" data-start=\"477\" data-end=\"549\"><strong data-start=\"477\" data-end=\"533\">Umsatzsteuer-Identifikationsnummer gem\u00e4\u00df \u00a7 27a UStG:<\/strong><br data-start=\"533\" data-end=\"536\" \/>DE346000106<\/p><p data-start=\"551\" data-end=\"669\"><strong>Verantwortlich f\u00fcr den Inhalt nach \u00a7 18 Abs. 2 MStV: <\/strong><\/p><p data-start=\"551\" data-end=\"669\">Denise Gebauer<br data-start=\"366\" data-end=\"369\" \/>Br\u00fcsseler Stra\u00dfe 22<br data-start=\"388\" data-end=\"391\" \/>13353 Berlin<br data-start=\"403\" data-end=\"406\" \/>Germany<\/p><p data-start=\"551\" data-end=\"669\"><strong>Social Media<\/strong><\/p><p data-start=\"551\" data-end=\"669\">Dieses Impressum gilt auch f\u00fcr folgende Social-Media-Pr\u00e4senzen:<\/p><p data-start=\"551\" data-end=\"669\">Instagram: <a href=\"https:\/\/www.instagram.com\/travelld._\/\" target=\"_blank\" rel=\"noopener\">https:\/\/www.instagram.com\/travelld._\/<\/a><\/p><p data-start=\"551\" data-end=\"669\">TikTok: <a href=\"https:\/\/www.tiktok.com\/@travelld?_t=ZN-90XXcE95KXW&amp;_r=1\" target=\"_blank\" rel=\"noopener\">https:\/\/www.tiktok.com\/@travelld?_t=ZN-90XXcE95KXW&amp;_r=1<\/a><\/p><p data-start=\"612\" data-end=\"642\"><strong data-start=\"616\" data-end=\"642\">Hinweis zur Online-Streitbeilegung:<\/strong><\/p><p data-start=\"612\" data-end=\"642\">Unsere Dienstleistung richtet sich ausschlie\u00dflich an Unternehmen (B2B). Eine Teilnahme an einem Streitbeilegungsverfahren vor einer Verbraucherschlichtungsstelle ist daher weder vorgesehen noch erforderlich.<\/p><p><strong>Exclusion of liability<\/strong><br \/>Liability for content<br \/>Als Diensteanbieterin sind wir gem\u00e4\u00df \u00a7 7 Absatz 1 DDG f\u00fcr eigene Inhalte auf diesen Seiten nach den allgemeinen Gesetzen verantwortlich. Nach den \u00a7\u00a7 8 bis 10 DDG sind wir jedoch nicht verpflichtet, \u00fcbermittelte oder gespeicherte fremde Informationen zu \u00fcberwachen oder nach Umst\u00e4nden zu forschen, die auf eine rechtswidrige T\u00e4tigkeit hinweisen. Verpflichtungen zur Entfernung oder Sperrung der Nutzung von Informationen nach den allgemeinen Gesetzen bleiben hiervon unber\u00fchrt. Eine Haftung ist jedoch erst ab dem Zeitpunkt der Kenntnis einer konkreten Rechtsverletzung m\u00f6glich. Bei Bekanntwerden entsprechender Rechtsverletzungen entfernen wir diese Inhalte umgehend.<\/p><p><strong>Liability for links<\/strong><br \/>Our offer contains links to external websites of third parties, on whose contents we have no influence. Therefore, we cannot assume any liability for these external contents. The respective provider or operator of the pages is always responsible for the content of the linked pages. The linked pages were checked for possible legal violations at the time of linking. Illegal contents were not recognizable at the time of linking. However, a permanent control of the contents of the linked pages is not reasonable without concrete evidence of a violation of the law. If we become aware of any infringements, we will remove such links immediately.<\/p><p><strong>Copyright<\/strong><br \/>The content and works created by the site operators on these pages are subject to German copyright law. The reproduction, editing, distribution and any kind of exploitation outside the limits of copyright require the written consent of the respective author or creator. Downloads and copies of this site are only permitted for private, non-commercial use. Insofar as the content on this site was not created by the operator, the copyrights of third parties are respected. In particular, third-party content is identified as such. Should you nevertheless become aware of a copyright infringement, please inform us accordingly. If we become aware of any infringements, we will remove such content immediately.<\/p><p><strong>Web design and implementation:<\/strong><br \/><a href=\"https:\/\/tonwerte.net\" target=\"_blank\" rel=\"noopener\">\u00a9 Tonwerte \/ Digital. Produktiv<\/a><\/p><p>alle Rechte vorbehalten<\/p>\t\t\t\t\t\t\t\t<\/div>\n\t\t\t\t<\/div>\n\t\t\t\t\t<\/div>\n\t\t<\/div>\n\t\t\t\t\t<\/div>\n\t\t<\/section>\n\t\t\t\t<\/div>","protected":false},"excerpt":{"rendered":"<p>Impressum Angaben gem\u00e4\u00df \u00a7 5 Digitale-Dienste-Gesetz (DDG): Denise GebauerBr\u00fcsseler Stra\u00dfe 2213353 BerlinDeutschland Telefon: +49 172 3261007E-Mail: kontakt@travelld.de Umsatzsteuer-Identifikationsnummer gem\u00e4\u00df \u00a7 27a UStG:DE346000106 Verantwortlich f\u00fcr den Inhalt nach \u00a7 18 Abs. 2 MStV: Denise GebauerBr\u00fcsseler Stra\u00dfe 2213353 BerlinDeutschland Social Media Dieses Impressum gilt auch f\u00fcr folgende Social-Media-Pr\u00e4senzen: Instagram: https:\/\/www.instagram.com\/travelld._\/ TikTok: https:\/\/www.tiktok.com\/@travelld?_t=ZN-90XXcE95KXW&amp;_r=1 Hinweis zur Online-Streitbeilegung: Unsere Dienstleistung [&hellip;]<\/p>","protected":false},"author":1,"featured_media":0,"parent":0,"menu_order":0,"comment_status":"closed","ping_status":"closed","template":"","meta":{"_acf_changed":false,"inline_featured_image":false,"footnotes":""},"class_list":["post-2086","page","type-page","status-publish","hentry"],"acf":[],"_links":{"self":[{"href":"https:\/\/travelld.de\/en\/wp-json\/wp\/v2\/pages\/2086","targetHints":{"allow":["GET"]}}],"collection":[{"href":"https:\/\/travelld.de\/en\/wp-json\/wp\/v2\/pages"}],"about":[{"href":"https:\/\/travelld.de\/en\/wp-json\/wp\/v2\/types\/page"}],"author":[{"embeddable":true,"href":"https:\/\/travelld.de\/en\/wp-json\/wp\/v2\/users\/1"}],"replies":[{"embeddable":true,"href":"https:\/\/travelld.de\/en\/wp-json\/wp\/v2\/comments?post=2086"}],"version-history":[{"count":10,"href":"https:\/\/travelld.de\/en\/wp-json\/wp\/v2\/pages\/2086\/revisions"}],"predecessor-version":[{"id":5936,"href":"https:\/\/travelld.de\/en\/wp-json\/wp\/v2\/pages\/2086\/revisions\/5936"}],"wp:attachment":[{"href":"https:\/\/travelld.de\/en\/wp-json\/wp\/v2\/media?parent=2086"}],"curies":[{"name":"wp","href":"https:\/\/api.w.org\/{rel}","templated":true}]}}